{"id":515,"date":"2026-01-31T14:14:27","date_gmt":"2026-01-31T14:14:27","guid":{"rendered":"https:\/\/ayamaliberationdelame.com\/?post_type=product&#038;p=515"},"modified":"2026-02-11T12:21:17","modified_gmt":"2026-02-11T12:21:17","slug":"les-constellations-universelles-22-fevrier-2026","status":"publish","type":"product","link":"https:\/\/ayamaliberationdelame.com\/index.php\/produit\/les-constellations-universelles-22-fevrier-2026\/","title":{"rendered":"Les constellations universelles &#8211; 22 f\u00e9vrier 2026"},"content":{"rendered":"<p>Les constellations universelles sont une approche qui permet de mieux comprendre les relations, les blocages et les sch\u00e9mas r\u00e9p\u00e9titifs. Elles mettent en lumi\u00e8re les liens invisibles entre les \u00eatres, les g\u00e9n\u00e9rations et l\u2019univers.<\/p>\n<p><strong>Attention : Vous r\u00e9servez votre place pour la date inscrite dans le titre.<\/strong><\/p>\n","protected":false},"excerpt":{"rendered":"<p>Les constellations universelles sont une approche qui permet de mieux comprendre les relations, les blocages et les sch\u00e9mas r\u00e9p\u00e9titifs. Elles mettent en lumi\u00e8re les liens invisibles entre les \u00eatres, les g\u00e9n\u00e9rations et l\u2019univers.<\/p>\n<p>Le participant jouera les r\u00f4les des constellations du jour.<\/p>\n<p>En prenant ce ticket, vous vous inscrivez \u00e0 la constellation du <strong>dimanche 22 f\u00e9vrier 2026, de 10h \u00e0 18h<\/strong>.<\/p>\n<p>Si vous souhaitez \u00eatre vous-m\u00eame constell\u00e9.e, contactez-nous <a href=\"mailto:contact@ayamaliberationdelame.com\">contact@ayamaliberationdelame.com<\/a> \ud83d\ude42<\/p>\n","protected":false},"featured_media":231,"comment_status":"open","ping_status":"closed","template":"","meta":{"tpgb_global_settings":"","_surecart_dashboard_logo_width":"180px","_surecart_dashboard_show_logo":true,"_surecart_dashboard_navigation_orders":true,"_surecart_dashboard_navigation_invoices":true,"_surecart_dashboard_navigation_subscriptions":true,"_surecart_dashboard_navigation_downloads":true,"_surecart_dashboard_navigation_billing":true,"_surecart_dashboard_navigation_account":true},"product_brand":[],"product_cat":[25],"product_tag":[29,26,30],"class_list":{"0":"post-515","1":"product","2":"type-product","3":"status-publish","4":"has-post-thumbnail","6":"product_cat-les-soins","7":"product_tag-constellation","8":"product_tag-role-constellations-universelles","9":"product_tag-univers","11":"first","12":"outofstock","13":"virtual","14":"sold-individually","15":"taxable","16":"purchasable","17":"product-type-simple"},"tpgb_featured_images":{"full":["https:\/\/ayamaliberationdelame.com\/wp-content\/uploads\/2026\/01\/1-6.png",1755,2194,false],"tp-image-grid":["https:\/\/ayamaliberationdelame.com\/wp-content\/uploads\/2026\/01\/1-6-700x700.png",700,700,true],"thumbnail":["https:\/\/ayamaliberationdelame.com\/wp-content\/uploads\/2026\/01\/1-6-150x150.png",150,150,true],"medium":["https:\/\/ayamaliberationdelame.com\/wp-content\/uploads\/2026\/01\/1-6-240x300.png",240,300,true],"medium_large":["https:\/\/ayamaliberationdelame.com\/wp-content\/uploads\/2026\/01\/1-6-768x960.png",768,960,true],"large":["https:\/\/ayamaliberationdelame.com\/wp-content\/uploads\/2026\/01\/1-6-819x1024.png",819,1024,true],"default":"https:\/\/ayamaliberationdelame.com\/wp-content\/plugins\/the-plus-addons-for-block-editor\/assets\/images\/tpgb-placeholder.jpg"},"tpgb_post_meta_info":{"get_date":"janvier 31, 2026","get_modified_date":"f\u00e9vrier 11, 2026","category_list":{"product_brand":false,"product_cat":[{"term_id":25,"name":"Les soins","slug":"les-soins","term_group":0,"term_taxonomy_id":25,"taxonomy":"product_cat","description":"","parent":0,"count":4,"filter":"raw"}],"product_tag":[{"term_id":29,"name":"Constellation","slug":"constellation","term_group":0,"term_taxonomy_id":29,"taxonomy":"product_tag","description":"","parent":0,"count":3,"filter":"raw"},{"term_id":26,"name":"R\u00f4le constellations universelles","slug":"role-constellations-universelles","term_group":0,"term_taxonomy_id":26,"taxonomy":"product_tag","description":"","parent":0,"count":3,"filter":"raw"},{"term_id":30,"name":"univers","slug":"univers","term_group":0,"term_taxonomy_id":30,"taxonomy":"product_tag","description":"","parent":0,"count":3,"filter":"raw"}]},"comment_count":0,"post_likes":0,"post_views":0},"tpgb_post_category":{"product_cat":"<a href=\"https:\/\/ayamaliberationdelame.com\/index.php\/categorie-produit\/les-soins\/\" alt=\"Les soins\"  class=\"product_cat-les-soins\">Les soins<\/a> ","product_tag":"<a href=\"https:\/\/ayamaliberationdelame.com\/index.php\/etiquette-produit\/constellation\/\" alt=\"Constellation\"  class=\"product_tag-constellation\">Constellation<\/a> <a href=\"https:\/\/ayamaliberationdelame.com\/index.php\/etiquette-produit\/role-constellations-universelles\/\" alt=\"R\u00f4le constellations universelles\"  class=\"product_tag-role-constellations-universelles\">R\u00f4le constellations universelles<\/a> <a href=\"https:\/\/ayamaliberationdelame.com\/index.php\/etiquette-produit\/univers\/\" alt=\"univers\"  class=\"product_tag-univers\">univers<\/a> "},"tpgb_product_data":{"price_html":"<span class=\"woocommerce-Price-amount amount\"><bdi>33,00&nbsp;<span class=\"woocommerce-Price-currencySymbol\">&euro;<\/span><\/bdi><\/span>","type":"simple","gallery":false,"category":"Les soins","procatslug":"les-soins","productBadge":"<span class=\"badge out-of-stock\">Out Of stock<\/span>"},"jetpack_sharing_enabled":true,"_links":{"self":[{"href":"https:\/\/ayamaliberationdelame.com\/index.php\/wp-json\/wp\/v2\/product\/515","targetHints":{"allow":["GET"]}}],"collection":[{"href":"https:\/\/ayamaliberationdelame.com\/index.php\/wp-json\/wp\/v2\/product"}],"about":[{"href":"https:\/\/ayamaliberationdelame.com\/index.php\/wp-json\/wp\/v2\/types\/product"}],"replies":[{"embeddable":true,"href":"https:\/\/ayamaliberationdelame.com\/index.php\/wp-json\/wp\/v2\/comments?post=515"}],"wp:featuredmedia":[{"embeddable":true,"href":"https:\/\/ayamaliberationdelame.com\/index.php\/wp-json\/wp\/v2\/media\/231"}],"wp:attachment":[{"href":"https:\/\/ayamaliberationdelame.com\/index.php\/wp-json\/wp\/v2\/media?parent=515"}],"wp:term":[{"taxonomy":"product_brand","embeddable":true,"href":"https:\/\/ayamaliberationdelame.com\/index.php\/wp-json\/wp\/v2\/product_brand?post=515"},{"taxonomy":"product_cat","embeddable":true,"href":"https:\/\/ayamaliberationdelame.com\/index.php\/wp-json\/wp\/v2\/product_cat?post=515"},{"taxonomy":"product_tag","embeddable":true,"href":"https:\/\/ayamaliberationdelame.com\/index.php\/wp-json\/wp\/v2\/product_tag?post=515"}],"curies":[{"name":"wp","href":"https:\/\/api.w.org\/{rel}","templated":true}]}}