{"id":490,"date":"2026-01-31T15:22:40","date_gmt":"2026-01-31T15:22:40","guid":{"rendered":"https:\/\/ayamaliberationdelame.com\/?post_type=product&#038;p=490"},"modified":"2026-02-11T12:26:33","modified_gmt":"2026-02-11T12:26:33","slug":"ceremonie-de-la-rose-sacree","status":"publish","type":"product","link":"https:\/\/ayamaliberationdelame.com\/index.php\/produit\/ceremonie-de-la-rose-sacree\/","title":{"rendered":"Soin de la Rose Sacr\u00e9e"},"content":{"rendered":"<p>Guid\u00e9 par la pr\u00e9sence de Marie, le soin enveloppe l\u2019\u00e2me d\u2019une \u00e9nergie maternelle et consolante. Il vient apaiser les peurs, all\u00e9ger les charges \u00e9motionnelles, r\u00e9parer les liens int\u00e9rieurs fragilis\u00e9s et offrir un profond sentiment de s\u00e9curit\u00e9 int\u00e9rieure.<\/p>\n<p>\u00c0 travers Marie-Madeleine, le soin r\u00e9veille la puissance douce du f\u00e9minin sacr\u00e9 : l\u2019amour conscient, l\u2019ancrage dans le corps, l\u2019acceptation de sa sensibilit\u00e9 et l\u2019audace de vivre sa v\u00e9rit\u00e9.<\/p>\n<p>C\u2019est un soin de lib\u00e9ration \u00e9motionnelle, de r\u00e9conciliation avec son histoire et d\u2019ouverture \u00e0 une nouvelle vibration d\u2019amour, plus juste, plus consciente, plus incarn\u00e9e.<\/p>\n<p>Recevoir le soin de la Rose sacr\u00e9e, c\u2019est s\u2019offrir un moment hors du temps, un retour au temple du c\u0153ur, l\u00e0 o\u00f9 Marie murmure la paix et o\u00f9 Marie-Madeleine rappelle que l\u2019amour v\u00e9ritable commence par soi.<\/p>\n","protected":false},"excerpt":{"rendered":"<p>Le soin de la Rose sacr\u00e9e est une invitation \u00e0 entrer dans un espace de profonde gu\u00e9rison du c\u0153ur, de r\u00e9conciliation int\u00e9rieure et de reconnexion \u00e0 l\u2019amour divin incarn\u00e9.<\/p>\n<p>Il s\u2019inscrit dans la lign\u00e9e des enseignements de Marie, arch\u00e9type de la douceur, de la compassion et de l\u2019amour inconditionnel, et de Marie-Madeleine, gardienne de la sagesse du f\u00e9minin sacr\u00e9, de la v\u00e9rit\u00e9 du c\u0153ur et de la libert\u00e9 d\u2019\u00eatre.<\/p>\n","protected":false},"featured_media":365,"comment_status":"open","ping_status":"closed","template":"","meta":{"tpgb_global_settings":"","_surecart_dashboard_logo_width":"180px","_surecart_dashboard_show_logo":true,"_surecart_dashboard_navigation_orders":true,"_surecart_dashboard_navigation_invoices":true,"_surecart_dashboard_navigation_subscriptions":true,"_surecart_dashboard_navigation_downloads":true,"_surecart_dashboard_navigation_billing":true,"_surecart_dashboard_navigation_account":true},"product_brand":[31],"product_cat":[25],"product_tag":[35,34,33],"class_list":{"0":"post-490","1":"product","2":"type-product","3":"status-publish","4":"has-post-thumbnail","6":"product_brand-ayama","7":"product_cat-les-soins","8":"product_tag-marie","9":"product_tag-rose-sacree","10":"product_tag-soin-sacre","12":"first","13":"outofstock","14":"virtual","15":"purchasable","16":"product-type-simple"},"tpgb_featured_images":{"full":["https:\/\/ayamaliberationdelame.com\/wp-content\/uploads\/2026\/01\/18.png",2480,2480,false],"tp-image-grid":["https:\/\/ayamaliberationdelame.com\/wp-content\/uploads\/2026\/01\/18-700x700.png",700,700,true],"thumbnail":["https:\/\/ayamaliberationdelame.com\/wp-content\/uploads\/2026\/01\/18-150x150.png",150,150,true],"medium":["https:\/\/ayamaliberationdelame.com\/wp-content\/uploads\/2026\/01\/18-300x300.png",300,300,true],"medium_large":["https:\/\/ayamaliberationdelame.com\/wp-content\/uploads\/2026\/01\/18-768x768.png",768,768,true],"large":["https:\/\/ayamaliberationdelame.com\/wp-content\/uploads\/2026\/01\/18-1024x1024.png",1024,1024,true],"default":"https:\/\/ayamaliberationdelame.com\/wp-content\/plugins\/the-plus-addons-for-block-editor\/assets\/images\/tpgb-placeholder.jpg"},"tpgb_post_meta_info":{"get_date":"janvier 31, 2026","get_modified_date":"f\u00e9vrier 11, 2026","category_list":{"product_brand":[{"term_id":31,"name":"AYAMA","slug":"ayama","term_group":0,"term_taxonomy_id":31,"taxonomy":"product_brand","description":"","parent":0,"count":3,"filter":"raw"}],"product_cat":[{"term_id":25,"name":"Les soins","slug":"les-soins","term_group":0,"term_taxonomy_id":25,"taxonomy":"product_cat","description":"","parent":0,"count":4,"filter":"raw"}],"product_tag":[{"term_id":35,"name":"Marie","slug":"marie","term_group":0,"term_taxonomy_id":35,"taxonomy":"product_tag","description":"","parent":0,"count":1,"filter":"raw"},{"term_id":34,"name":"Rose sacr\u00e9e","slug":"rose-sacree","term_group":0,"term_taxonomy_id":34,"taxonomy":"product_tag","description":"","parent":0,"count":1,"filter":"raw"},{"term_id":33,"name":"Soin sacr\u00e9","slug":"soin-sacre","term_group":0,"term_taxonomy_id":33,"taxonomy":"product_tag","description":"","parent":0,"count":1,"filter":"raw"}]},"comment_count":0,"post_likes":0,"post_views":0},"tpgb_post_category":{"product_brand":"<a href=\"https:\/\/ayamaliberationdelame.com\/index.php\/marque\/ayama\/\" alt=\"AYAMA\"  class=\"product_brand-ayama\">AYAMA<\/a> ","product_cat":"<a href=\"https:\/\/ayamaliberationdelame.com\/index.php\/categorie-produit\/les-soins\/\" alt=\"Les soins\"  class=\"product_cat-les-soins\">Les soins<\/a> ","product_tag":"<a href=\"https:\/\/ayamaliberationdelame.com\/index.php\/etiquette-produit\/marie\/\" alt=\"Marie\"  class=\"product_tag-marie\">Marie<\/a> <a href=\"https:\/\/ayamaliberationdelame.com\/index.php\/etiquette-produit\/rose-sacree\/\" alt=\"Rose sacr\u00e9e\"  class=\"product_tag-rose-sacree\">Rose sacr\u00e9e<\/a> <a href=\"https:\/\/ayamaliberationdelame.com\/index.php\/etiquette-produit\/soin-sacre\/\" alt=\"Soin sacr\u00e9\"  class=\"product_tag-soin-sacre\">Soin sacr\u00e9<\/a> "},"tpgb_product_data":{"price_html":"<span class=\"woocommerce-Price-amount amount\"><bdi>96,00&nbsp;<span class=\"woocommerce-Price-currencySymbol\">&euro;<\/span><\/bdi><\/span>","type":"simple","gallery":false,"category":"Les soins","procatslug":"les-soins","productBadge":"<span class=\"badge out-of-stock\">Out Of stock<\/span>"},"jetpack_sharing_enabled":true,"_links":{"self":[{"href":"https:\/\/ayamaliberationdelame.com\/index.php\/wp-json\/wp\/v2\/product\/490","targetHints":{"allow":["GET"]}}],"collection":[{"href":"https:\/\/ayamaliberationdelame.com\/index.php\/wp-json\/wp\/v2\/product"}],"about":[{"href":"https:\/\/ayamaliberationdelame.com\/index.php\/wp-json\/wp\/v2\/types\/product"}],"replies":[{"embeddable":true,"href":"https:\/\/ayamaliberationdelame.com\/index.php\/wp-json\/wp\/v2\/comments?post=490"}],"wp:featuredmedia":[{"embeddable":true,"href":"https:\/\/ayamaliberationdelame.com\/index.php\/wp-json\/wp\/v2\/media\/365"}],"wp:attachment":[{"href":"https:\/\/ayamaliberationdelame.com\/index.php\/wp-json\/wp\/v2\/media?parent=490"}],"wp:term":[{"taxonomy":"product_brand","embeddable":true,"href":"https:\/\/ayamaliberationdelame.com\/index.php\/wp-json\/wp\/v2\/product_brand?post=490"},{"taxonomy":"product_cat","embeddable":true,"href":"https:\/\/ayamaliberationdelame.com\/index.php\/wp-json\/wp\/v2\/product_cat?post=490"},{"taxonomy":"product_tag","embeddable":true,"href":"https:\/\/ayamaliberationdelame.com\/index.php\/wp-json\/wp\/v2\/product_tag?post=490"}],"curies":[{"name":"wp","href":"https:\/\/api.w.org\/{rel}","templated":true}]}}