{"id":363,"date":"2026-01-26T21:13:47","date_gmt":"2026-01-26T21:13:47","guid":{"rendered":"https:\/\/ayamaliberationdelame.com\/?page_id=363"},"modified":"2026-01-31T15:54:43","modified_gmt":"2026-01-31T15:54:43","slug":"la-rose-sacree","status":"publish","type":"page","link":"https:\/\/ayamaliberationdelame.com\/index.php\/la-rose-sacree\/","title":{"rendered":"La Rose sacr\u00e9e"},"content":{"rendered":"\n<div class=\"wp-block-group alignwide has-secondary-background-color has-background is-layout-constrained wp-container-core-group-is-layout-e51076de wp-block-group-is-layout-constrained\" style=\"padding-top:110px;padding-right:1.5rem;padding-bottom:110px;padding-left:1.5rem\">\n<div class=\"wp-block-columns is-layout-flex wp-container-core-columns-is-layout-e05d3243 wp-block-columns-is-layout-flex\" style=\"padding-top:0px;padding-right:0px;padding-bottom:0px;padding-left:0px\">\n<div class=\"wp-block-column is-layout-flow wp-block-column-is-layout-flow\">\n<div class=\"wp-block-group has-background-background-color has-background is-layout-flow wp-block-group-is-layout-flow\" style=\"padding-top:12%;padding-right:12%;padding-bottom:12%;padding-left:12%\">\n<h2 class=\"wp-block-heading is-style-ona-alt-font has-primary-color has-text-color has-medium-large-font-size\" id=\"my-travel-gear\" style=\"line-height:1.2\">Amour inconditionnel &amp; amour de soi<\/h2>\n\n\n\n<p>Le soin de la Rose sacr\u00e9e est une invitation \u00e0 entrer dans un espace de profonde gu\u00e9rison du c\u0153ur, de r\u00e9conciliation int\u00e9rieure et de reconnexion \u00e0 l\u2019amour divin incarn\u00e9.<\/p>\n\n\n\n<p>Il s\u2019inscrit dans la lign\u00e9e des enseignements de Marie, arch\u00e9type de la douceur, de la compassion et de l\u2019amour inconditionnel, et de Marie-Madeleine, gardienne de la sagesse du f\u00e9minin sacr\u00e9, de la v\u00e9rit\u00e9 du c\u0153ur et de la libert\u00e9 d\u2019\u00eatre.<\/p>\n\n\n\n<h3 class=\"wp-block-heading has-text-align-left is-style-ona-alt-font\">Un message universel&#8230;<\/h3>\n\n\n\n<div style=\"height:10px\" aria-hidden=\"true\" class=\"wp-block-spacer\"><\/div>\n<\/div>\n<\/div>\n\n\n\n<div class=\"wp-block-column is-style-no-spacing is-layout-flow wp-block-column-is-layout-flow\">\n<div class=\"wp-block-cover is-light is-vertically-stretched\" style=\"min-height:518px;aspect-ratio:unset;\"><img loading=\"lazy\" decoding=\"async\" width=\"1024\" height=\"1024\" class=\"wp-block-cover__image-background wp-image-364 size-large\" alt=\"\" src=\"http:\/\/ayamaliberationdelame.com\/wp-content\/uploads\/2026\/01\/17-1024x1024.png\" data-object-fit=\"cover\" srcset=\"https:\/\/ayamaliberationdelame.com\/wp-content\/uploads\/2026\/01\/17-1024x1024.png 1024w, https:\/\/ayamaliberationdelame.com\/wp-content\/uploads\/2026\/01\/17-300x300.png 300w, https:\/\/ayamaliberationdelame.com\/wp-content\/uploads\/2026\/01\/17-150x150.png 150w, https:\/\/ayamaliberationdelame.com\/wp-content\/uploads\/2026\/01\/17-768x768.png 768w, https:\/\/ayamaliberationdelame.com\/wp-content\/uploads\/2026\/01\/17-1536x1536.png 1536w, https:\/\/ayamaliberationdelame.com\/wp-content\/uploads\/2026\/01\/17-2048x2048.png 2048w, https:\/\/ayamaliberationdelame.com\/wp-content\/uploads\/2026\/01\/17-700x700.png 700w, https:\/\/ayamaliberationdelame.com\/wp-content\/uploads\/2026\/01\/17-1170x1170.png 1170w\" sizes=\"auto, (max-width: 1024px) 100vw, 1024px\" \/><span aria-hidden=\"true\" class=\"wp-block-cover__background has-background-dim-0 has-background-dim\" style=\"background-color:#bfadab\"><\/span><div class=\"wp-block-cover__inner-container is-layout-flow wp-block-cover-is-layout-flow\">\n<p class=\"has-text-align-center has-large-font-size\"><\/p>\n<\/div><\/div>\n<\/div>\n<\/div>\n<\/div>\n\n\n\n<div class=\"wp-block-cover alignwide is-light\" style=\"min-height:808px;aspect-ratio:unset;\"><span aria-hidden=\"true\" class=\"wp-block-cover__background has-background-dim-100 has-background-dim\" style=\"background-color:#ffffff\"><\/span><div class=\"wp-block-cover__inner-container is-layout-flow wp-block-cover-is-layout-flow\">\n<div class=\"wp-block-group alignwide is-layout-constrained wp-block-group-is-layout-constrained\">\n<div class=\"wp-block-media-text alignfull is-stacked-on-mobile is-vertically-aligned-top is-image-fill-element\" style=\"grid-template-columns:45% auto\"><figure class=\"wp-block-media-text__media\"><img loading=\"lazy\" decoding=\"async\" width=\"1024\" height=\"1024\" src=\"http:\/\/ayamaliberationdelame.com\/wp-content\/uploads\/2026\/01\/18-1024x1024.png\" alt=\"\" class=\"wp-image-365 size-full\" style=\"object-position:50% 50%\" srcset=\"https:\/\/ayamaliberationdelame.com\/wp-content\/uploads\/2026\/01\/18-1024x1024.png 1024w, https:\/\/ayamaliberationdelame.com\/wp-content\/uploads\/2026\/01\/18-300x300.png 300w, https:\/\/ayamaliberationdelame.com\/wp-content\/uploads\/2026\/01\/18-150x150.png 150w, https:\/\/ayamaliberationdelame.com\/wp-content\/uploads\/2026\/01\/18-768x768.png 768w, https:\/\/ayamaliberationdelame.com\/wp-content\/uploads\/2026\/01\/18-1536x1536.png 1536w, https:\/\/ayamaliberationdelame.com\/wp-content\/uploads\/2026\/01\/18-2048x2048.png 2048w, https:\/\/ayamaliberationdelame.com\/wp-content\/uploads\/2026\/01\/18-700x700.png 700w, https:\/\/ayamaliberationdelame.com\/wp-content\/uploads\/2026\/01\/18-1170x1170.png 1170w\" sizes=\"auto, (max-width: 1024px) 100vw, 1024px\" \/><\/figure><div class=\"wp-block-media-text__content\">\n<h1 class=\"wp-block-heading has-text-color\" style=\"color:#000000;font-size:32px\">La Rose sacr\u00e9e, symbole universel de l\u2019amour<\/h1>\n\n\n\n<p>Mais \u00e9galement du myst\u00e8re et de la r\u00e9surrection, elle agit ici comme un portail vibratoire. La Rose ouvre l\u2019espace du c\u0153ur, apaise les m\u00e9moires de blessures \u00e9motionnelles, transg\u00e9n\u00e9rationnelles ou karmiques, et soutient le chemin de retour \u00e0 soi, dans la paix et la confiance.<\/p>\n\n\n\n<p>Guid\u00e9 par la pr\u00e9sence de Marie, le soin enveloppe l\u2019\u00e2me d\u2019une \u00e9nergie maternelle et consolante. Il vient apaiser les peurs, all\u00e9ger les charges \u00e9motionnelles, r\u00e9parer les liens int\u00e9rieurs fragilis\u00e9s et offrir un profond sentiment de s\u00e9curit\u00e9 int\u00e9rieure.<\/p>\n\n\n\n<p>\u00c0 travers Marie-Madeleine, le soin r\u00e9veille la puissance douce du f\u00e9minin sacr\u00e9 : l\u2019amour conscient, l\u2019ancrage dans le corps, l\u2019acceptation de sa sensibilit\u00e9 et l\u2019audace de vivre sa v\u00e9rit\u00e9.<\/p>\n\n\n\n<p>C\u2019est un soin de lib\u00e9ration \u00e9motionnelle, de r\u00e9conciliation avec son histoire et d\u2019ouverture \u00e0 une nouvelle vibration d\u2019amour, plus juste, plus consciente, plus incarn\u00e9e.<\/p>\n\n\n\n<p>Recevoir le soin de la Rose sacr\u00e9e, c\u2019est s\u2019offrir un moment hors du temps, un retour au temple du c\u0153ur, l\u00e0 o\u00f9 Marie murmure la paix et o\u00f9 Marie-Madeleine rappelle que l\u2019amour v\u00e9ritable commence par soi.<\/p>\n\n\n\n<p>Un soin pour se souvenir que l\u2019amour n\u2019a jamais \u00e9t\u00e9 perdu, seulement parfois oubli\u00e9.<\/p>\n\n\n\n<div class=\"wp-block-buttons is-layout-flex wp-block-buttons-is-layout-flex\">\n<div class=\"wp-block-button is-style-fill\"><a class=\"wp-block-button__link wp-element-button\" href=\"https:\/\/ayamaliberationdelame.com\/index.php\/produit\/ceremonie-de-la-rose-sacree\/\">Je dis oui \u00e0 l&rsquo;amour<\/a><\/div>\n<\/div>\n<\/div><\/div>\n<\/div>\n<\/div><\/div>\n\n\n\n<p><\/p>\n","protected":false},"excerpt":{"rendered":"<p>Amour inconditionnel &amp; amour de soi Le soin de la Rose sacr\u00e9e est une invitation \u00e0 entrer dans un espace de profonde gu\u00e9rison du c\u0153ur, de r\u00e9conciliation int\u00e9rieure et de reconnexion \u00e0 l\u2019amour divin incarn\u00e9. Il s\u2019inscrit dans la lign\u00e9e des enseignements de Marie, arch\u00e9type de la douceur, de la compassion et de l\u2019amour inconditionnel, [&hellip;]<\/p>\n","protected":false},"author":1,"featured_media":0,"parent":0,"menu_order":0,"comment_status":"closed","ping_status":"closed","template":"","meta":{"tpgb_global_settings":"","_surecart_dashboard_logo_width":"180px","_surecart_dashboard_show_logo":true,"_surecart_dashboard_navigation_orders":true,"_surecart_dashboard_navigation_invoices":true,"_surecart_dashboard_navigation_subscriptions":true,"_surecart_dashboard_navigation_downloads":true,"_surecart_dashboard_navigation_billing":true,"_surecart_dashboard_navigation_account":true,"footnotes":""},"class_list":["post-363","page","type-page","status-publish","hentry"],"tpgb_featured_images":null,"tpgb_post_meta_info":{"get_date":"janvier 26, 2026","get_modified_date":"janvier 31, 2026","author_name":"Elsa","author_url":"https:\/\/ayamaliberationdelame.com\/index.php\/author\/admin4528\/","author_email":"elsa.belliri@gmail.com","author_website":"http:\/\/ayamaliberationdelame.com","author_description":"","author_facebook":"","author_twitter":"","author_instagram":"","author_role":["administrator"],"author_firstname":"Elsa","author_lastname":"","user_login":"admin4528","author_avatar":"<img alt='' src='https:\/\/secure.gravatar.com\/avatar\/94fcea9fd01ada83134ee983b571dff56ff2b50303a23b81846dc60a2fa019a1?s=200&#038;d=mm&#038;r=g' srcset='https:\/\/secure.gravatar.com\/avatar\/94fcea9fd01ada83134ee983b571dff56ff2b50303a23b81846dc60a2fa019a1?s=400&#038;d=mm&#038;r=g 2x' class='avatar avatar-200 photo' height='200' width='200' loading='lazy' decoding='async'\/>","author_avatar_url":"https:\/\/secure.gravatar.com\/avatar\/94fcea9fd01ada83134ee983b571dff56ff2b50303a23b81846dc60a2fa019a1?s=96&d=mm&r=g","comment_count":0,"post_likes":0,"post_views":0},"tpgb_post_category":[],"jetpack_sharing_enabled":true,"_links":{"self":[{"href":"https:\/\/ayamaliberationdelame.com\/index.php\/wp-json\/wp\/v2\/pages\/363","targetHints":{"allow":["GET"]}}],"collection":[{"href":"https:\/\/ayamaliberationdelame.com\/index.php\/wp-json\/wp\/v2\/pages"}],"about":[{"href":"https:\/\/ayamaliberationdelame.com\/index.php\/wp-json\/wp\/v2\/types\/page"}],"author":[{"embeddable":true,"href":"https:\/\/ayamaliberationdelame.com\/index.php\/wp-json\/wp\/v2\/users\/1"}],"replies":[{"embeddable":true,"href":"https:\/\/ayamaliberationdelame.com\/index.php\/wp-json\/wp\/v2\/comments?post=363"}],"version-history":[{"count":5,"href":"https:\/\/ayamaliberationdelame.com\/index.php\/wp-json\/wp\/v2\/pages\/363\/revisions"}],"predecessor-version":[{"id":531,"href":"https:\/\/ayamaliberationdelame.com\/index.php\/wp-json\/wp\/v2\/pages\/363\/revisions\/531"}],"wp:attachment":[{"href":"https:\/\/ayamaliberationdelame.com\/index.php\/wp-json\/wp\/v2\/media?parent=363"}],"curies":[{"name":"wp","href":"https:\/\/api.w.org\/{rel}","templated":true}]}}