{"id":345,"date":"2026-01-26T17:10:57","date_gmt":"2026-01-26T17:10:57","guid":{"rendered":"https:\/\/ayamaliberationdelame.com\/?page_id=345"},"modified":"2026-01-31T15:08:23","modified_gmt":"2026-01-31T15:08:23","slug":"laccess-bar","status":"publish","type":"page","link":"https:\/\/ayamaliberationdelame.com\/index.php\/laccess-bar\/","title":{"rendered":"L&rsquo;Access Bars\u00a9"},"content":{"rendered":"\n<div class=\"wp-block-group alignwide has-secondary-background-color has-background is-layout-constrained wp-container-core-group-is-layout-e51076de wp-block-group-is-layout-constrained\" style=\"padding-top:110px;padding-right:1.5rem;padding-bottom:110px;padding-left:1.5rem\">\n<div class=\"wp-block-columns is-layout-flex wp-container-core-columns-is-layout-e05d3243 wp-block-columns-is-layout-flex\" style=\"padding-top:0px;padding-right:0px;padding-bottom:0px;padding-left:0px\">\n<div class=\"wp-block-column is-layout-flow wp-block-column-is-layout-flow\">\n<div class=\"wp-block-group has-background-background-color has-background is-layout-flow wp-block-group-is-layout-flow\" style=\"padding-top:12%;padding-right:12%;padding-bottom:12%;padding-left:12%\">\n<h2 class=\"wp-block-heading is-style-ona-alt-font has-primary-color has-text-color has-medium-large-font-size\" id=\"my-travel-gear\" style=\"line-height:1.2\">Besoin d&rsquo;une pause ?<\/h2>\n\n\n\n<h2 class=\"wp-block-heading has-medium-large-font-size\" id=\"my-travel-gear\" style=\"line-height:1.2\">Un retour \u00e0 soi<\/h2>\n\n\n\n<p>L&rsquo;Access Bars<sup>\u00a9<\/sup> est une technique \u00e9nerg\u00e9tique douce qui invite \u00e0 un profond l\u00e2cher-prise mental et \u00e9motionnel. Il consiste en de l\u00e9g\u00e8res pressions sur 32 points situ\u00e9s sur la t\u00eate, appel\u00e9s Bars, en lien avec diff\u00e9rents aspects de la vie tels que le stress, les \u00e9motions, le contr\u00f4le, la cr\u00e9ativit\u00e9 ou encore la confiance.<\/p>\n\n\n\n<p>En stimulant ces points, le soin permet de rel\u00e2cher les pens\u00e9es limitantes, les sch\u00e9mas r\u00e9p\u00e9titifs et les tensions accumul\u00e9es, offrant ainsi un espace de clart\u00e9 int\u00e9rieure et de d\u00e9tente profonde. Le mental s\u2019apaise, le corps se rel\u00e2che et l\u2019\u00e9nergie circule plus librement.<\/p>\n\n\n\n<h3 class=\"wp-block-heading has-text-align-left is-style-ona-alt-font\">Il est temps de prendre soin de vous<\/h3>\n\n\n\n<div style=\"height:10px\" aria-hidden=\"true\" class=\"wp-block-spacer\"><\/div>\n<\/div>\n<\/div>\n\n\n\n<div class=\"wp-block-column is-style-no-spacing is-layout-flow wp-block-column-is-layout-flow\">\n<div class=\"wp-block-cover is-light is-vertically-stretched\" style=\"min-height:658px;aspect-ratio:unset;\"><img loading=\"lazy\" decoding=\"async\" width=\"1024\" height=\"1024\" class=\"wp-block-cover__image-background wp-image-350 size-large\" alt=\"\" src=\"https:\/\/ayamaliberationdelame.com\/wp-content\/uploads\/2026\/01\/13-1024x1024.png\" data-object-fit=\"cover\" srcset=\"https:\/\/ayamaliberationdelame.com\/wp-content\/uploads\/2026\/01\/13-1024x1024.png 1024w, https:\/\/ayamaliberationdelame.com\/wp-content\/uploads\/2026\/01\/13-300x300.png 300w, https:\/\/ayamaliberationdelame.com\/wp-content\/uploads\/2026\/01\/13-150x150.png 150w, https:\/\/ayamaliberationdelame.com\/wp-content\/uploads\/2026\/01\/13-768x768.png 768w, https:\/\/ayamaliberationdelame.com\/wp-content\/uploads\/2026\/01\/13-1536x1536.png 1536w, https:\/\/ayamaliberationdelame.com\/wp-content\/uploads\/2026\/01\/13-2048x2048.png 2048w, https:\/\/ayamaliberationdelame.com\/wp-content\/uploads\/2026\/01\/13-700x700.png 700w, https:\/\/ayamaliberationdelame.com\/wp-content\/uploads\/2026\/01\/13-1170x1170.png 1170w\" sizes=\"auto, (max-width: 1024px) 100vw, 1024px\" \/><span aria-hidden=\"true\" class=\"wp-block-cover__background has-background-dim-0 has-background-dim\" style=\"background-color:#f8ddac\"><\/span><div class=\"wp-block-cover__inner-container is-layout-flow wp-block-cover-is-layout-flow\">\n<p class=\"has-text-align-center has-large-font-size\"><\/p>\n<\/div><\/div>\n<\/div>\n<\/div>\n<\/div>\n\n\n\n<div class=\"wp-block-cover alignwide is-light\" style=\"min-height:808px;aspect-ratio:unset;\"><span aria-hidden=\"true\" class=\"wp-block-cover__background has-background-dim-100 has-background-dim\" style=\"background-color:#ffffff\"><\/span><div class=\"wp-block-cover__inner-container is-layout-flow wp-block-cover-is-layout-flow\">\n<div class=\"wp-block-media-text alignwide is-stacked-on-mobile is-vertically-aligned-center is-image-fill-element\" style=\"grid-template-columns:56% auto\"><figure class=\"wp-block-media-text__media\"><img loading=\"lazy\" decoding=\"async\" width=\"1024\" height=\"1024\" src=\"https:\/\/ayamaliberationdelame.com\/wp-content\/uploads\/2026\/01\/14-1024x1024.png\" alt=\"\" class=\"wp-image-351 size-full\" style=\"object-position:50% 50%\" srcset=\"https:\/\/ayamaliberationdelame.com\/wp-content\/uploads\/2026\/01\/14-1024x1024.png 1024w, https:\/\/ayamaliberationdelame.com\/wp-content\/uploads\/2026\/01\/14-300x300.png 300w, https:\/\/ayamaliberationdelame.com\/wp-content\/uploads\/2026\/01\/14-150x150.png 150w, https:\/\/ayamaliberationdelame.com\/wp-content\/uploads\/2026\/01\/14-768x768.png 768w, https:\/\/ayamaliberationdelame.com\/wp-content\/uploads\/2026\/01\/14-1536x1536.png 1536w, https:\/\/ayamaliberationdelame.com\/wp-content\/uploads\/2026\/01\/14-2048x2048.png 2048w, https:\/\/ayamaliberationdelame.com\/wp-content\/uploads\/2026\/01\/14-700x700.png 700w, https:\/\/ayamaliberationdelame.com\/wp-content\/uploads\/2026\/01\/14-1170x1170.png 1170w\" sizes=\"auto, (max-width: 1024px) 100vw, 1024px\" \/><\/figure><div class=\"wp-block-media-text__content\">\n<h1 class=\"wp-block-heading has-text-color\" style=\"color:#000000;font-size:32px\">Un instant de d\u00e9tente totale<\/h1>\n\n\n\n<p>Ce soin procure une sensation de calme, de l\u00e9g\u00e8ret\u00e9 et de recentrage. Il favorise un \u00e9tat de relaxation profonde tout en soutenant les processus de transformation personnelle et de mieux-\u00eatre global.<\/p>\n\n\n\n<p class=\"has-text-color\" style=\"color:#000000;font-size:17px\">Le soin Access Bars<sup>\u00a9<\/sup> est particuli\u00e8rement recommand\u00e9 en p\u00e9riode de surcharge mentale, de stress, de fatigue \u00e9motionnelle ou lorsque l\u2019on ressent le besoin de faire une pause, de retrouver de la clart\u00e9 et d\u2019ouvrir de nouvelles perspectives.<\/p>\n\n\n\n<div class=\"wp-block-buttons is-layout-flex wp-block-buttons-is-layout-flex\">\n<div class=\"wp-block-button is-style-fill\"><a class=\"wp-block-button__link wp-element-button\" href=\"https:\/\/ayamaliberationdelame.com\/index.php\/contactez-nous\/\">Je souhaite me d\u00e9tendre<\/a><\/div>\n<\/div>\n<\/div><\/div>\n<\/div><\/div>\n\n\n\n<p><\/p>\n","protected":false},"excerpt":{"rendered":"<p>Besoin d&rsquo;une pause ? Un retour \u00e0 soi L&rsquo;Access Bars\u00a9 est une technique \u00e9nerg\u00e9tique douce qui invite \u00e0 un profond l\u00e2cher-prise mental et \u00e9motionnel. Il consiste en de l\u00e9g\u00e8res pressions sur 32 points situ\u00e9s sur la t\u00eate, appel\u00e9s Bars, en lien avec diff\u00e9rents aspects de la vie tels que le stress, les \u00e9motions, le contr\u00f4le, [&hellip;]<\/p>\n","protected":false},"author":1,"featured_media":0,"parent":0,"menu_order":0,"comment_status":"closed","ping_status":"closed","template":"","meta":{"tpgb_global_settings":"","_surecart_dashboard_logo_width":"180px","_surecart_dashboard_show_logo":true,"_surecart_dashboard_navigation_orders":true,"_surecart_dashboard_navigation_invoices":true,"_surecart_dashboard_navigation_subscriptions":true,"_surecart_dashboard_navigation_downloads":true,"_surecart_dashboard_navigation_billing":true,"_surecart_dashboard_navigation_account":true,"footnotes":""},"class_list":["post-345","page","type-page","status-publish","hentry"],"tpgb_featured_images":null,"tpgb_post_meta_info":{"get_date":"janvier 26, 2026","get_modified_date":"janvier 31, 2026","author_name":"Elsa","author_url":"https:\/\/ayamaliberationdelame.com\/index.php\/author\/admin4528\/","author_email":"elsa.belliri@gmail.com","author_website":"http:\/\/ayamaliberationdelame.com","author_description":"","author_facebook":"","author_twitter":"","author_instagram":"","author_role":["administrator"],"author_firstname":"Elsa","author_lastname":"","user_login":"admin4528","author_avatar":"<img alt='' src='https:\/\/secure.gravatar.com\/avatar\/94fcea9fd01ada83134ee983b571dff56ff2b50303a23b81846dc60a2fa019a1?s=200&#038;d=mm&#038;r=g' srcset='https:\/\/secure.gravatar.com\/avatar\/94fcea9fd01ada83134ee983b571dff56ff2b50303a23b81846dc60a2fa019a1?s=400&#038;d=mm&#038;r=g 2x' class='avatar avatar-200 photo' height='200' width='200' loading='lazy' decoding='async'\/>","author_avatar_url":"https:\/\/secure.gravatar.com\/avatar\/94fcea9fd01ada83134ee983b571dff56ff2b50303a23b81846dc60a2fa019a1?s=96&d=mm&r=g","comment_count":0,"post_likes":0,"post_views":0},"tpgb_post_category":[],"jetpack_sharing_enabled":true,"_links":{"self":[{"href":"https:\/\/ayamaliberationdelame.com\/index.php\/wp-json\/wp\/v2\/pages\/345","targetHints":{"allow":["GET"]}}],"collection":[{"href":"https:\/\/ayamaliberationdelame.com\/index.php\/wp-json\/wp\/v2\/pages"}],"about":[{"href":"https:\/\/ayamaliberationdelame.com\/index.php\/wp-json\/wp\/v2\/types\/page"}],"author":[{"embeddable":true,"href":"https:\/\/ayamaliberationdelame.com\/index.php\/wp-json\/wp\/v2\/users\/1"}],"replies":[{"embeddable":true,"href":"https:\/\/ayamaliberationdelame.com\/index.php\/wp-json\/wp\/v2\/comments?post=345"}],"version-history":[{"count":8,"href":"https:\/\/ayamaliberationdelame.com\/index.php\/wp-json\/wp\/v2\/pages\/345\/revisions"}],"predecessor-version":[{"id":525,"href":"https:\/\/ayamaliberationdelame.com\/index.php\/wp-json\/wp\/v2\/pages\/345\/revisions\/525"}],"wp:attachment":[{"href":"https:\/\/ayamaliberationdelame.com\/index.php\/wp-json\/wp\/v2\/media?parent=345"}],"curies":[{"name":"wp","href":"https:\/\/api.w.org\/{rel}","templated":true}]}}