{"id":320,"date":"2026-01-26T14:17:04","date_gmt":"2026-01-26T14:17:04","guid":{"rendered":"https:\/\/ayamaliberationdelame.com\/?page_id=320"},"modified":"2026-01-26T14:17:05","modified_gmt":"2026-01-26T14:17:05","slug":"les-belles-dames","status":"publish","type":"page","link":"https:\/\/ayamaliberationdelame.com\/index.php\/les-belles-dames\/","title":{"rendered":"Les belles d&rsquo;\u00e2mes"},"content":{"rendered":"\n<div class=\"wp-block-group alignwide has-background-light-background-color has-background is-layout-constrained wp-container-core-group-is-layout-5bd35887 wp-block-group-is-layout-constrained\" style=\"padding-top:68px\">\n<div class=\"wp-block-columns is-layout-flex wp-container-core-columns-is-layout-e0fbbc84 wp-block-columns-is-layout-flex\">\n<div class=\"wp-block-column is-style-ona-negative-offset-bottom is-layout-flow wp-block-column-is-layout-flow\">\n<figure class=\"wp-block-image size-full is-resized\"><img loading=\"lazy\" decoding=\"async\" width=\"1890\" height=\"2363\" src=\"http:\/\/ayamaliberationdelame.com\/wp-content\/uploads\/2026\/01\/Fleuriane-1.png\" alt=\"\" class=\"wp-image-196\" style=\"width:565px;height:637px\" srcset=\"https:\/\/ayamaliberationdelame.com\/wp-content\/uploads\/2026\/01\/Fleuriane-1.png 1890w, https:\/\/ayamaliberationdelame.com\/wp-content\/uploads\/2026\/01\/Fleuriane-1-240x300.png 240w, https:\/\/ayamaliberationdelame.com\/wp-content\/uploads\/2026\/01\/Fleuriane-1-819x1024.png 819w, https:\/\/ayamaliberationdelame.com\/wp-content\/uploads\/2026\/01\/Fleuriane-1-768x960.png 768w, https:\/\/ayamaliberationdelame.com\/wp-content\/uploads\/2026\/01\/Fleuriane-1-1229x1536.png 1229w, https:\/\/ayamaliberationdelame.com\/wp-content\/uploads\/2026\/01\/Fleuriane-1-1638x2048.png 1638w, https:\/\/ayamaliberationdelame.com\/wp-content\/uploads\/2026\/01\/Fleuriane-1-1170x1463.png 1170w\" sizes=\"auto, (max-width: 1890px) 100vw, 1890px\" \/><\/figure>\n<\/div>\n\n\n\n<div class=\"wp-block-column is-vertically-aligned-center is-layout-flow wp-block-column-is-layout-flow\">\n<h2 class=\"wp-block-heading is-style-ona-alt-font has-x-large-font-size\">Fleuriane<\/h2>\n\n\n\n<h1 class=\"wp-block-heading\" id=\"i-am-a-lifestyle-and-fashion-blogger-a-person-who-enjoys-travel\" style=\"margin-right:15%\">Accoucheuse de Lumi\u00e8re<\/h1>\n<\/div>\n<\/div>\n<\/div>\n\n\n\n<div class=\"wp-block-group ona-container is-layout-constrained wp-block-group-is-layout-constrained\">\n<div style=\"height:120px\" aria-hidden=\"true\" class=\"wp-block-spacer\"><\/div>\n\n\n\n<hr class=\"wp-block-separator has-text-color has-foreground-color has-css-opacity has-foreground-background-color has-background is-style-default\"\/>\n\n\n\n<p class=\"has-text-align-center has-foreground-color has-text-color has-medium-large-font-size\" style=\"line-height:1.3\">\u00ab\u00a0Tu es la force cr\u00e9atrice, alors chante ta puissance, accueille ta magie, danse au rythme du Monde, prend ta place.\u00a0\u00bb<\/p>\n\n\n\n<div class=\"tpgb-pro-paragraph tpgb-block-626d_320\"><h3 class=\"pro-heading-inner\">                                       Fleuriane<\/h3><\/div>\n\n\n\n<hr class=\"wp-block-separator has-text-color has-foreground-color has-css-opacity has-foreground-background-color has-background is-style-default\"\/>\n<\/div>\n\n\n\n<div class=\"wp-block-group alignwide is-layout-flow wp-block-group-is-layout-flow\">\n<div class=\"wp-block-columns are-vertically-aligned-center is-layout-flex wp-container-core-columns-is-layout-d2ca7aa4 wp-block-columns-is-layout-flex\">\n<div class=\"wp-block-column is-vertically-aligned-center is-style-ona-shift-right is-layout-flow wp-block-column-is-layout-flow\">\n<div class=\"wp-block-group has-background-light-background-color has-background is-layout-flow wp-block-group-is-layout-flow\" style=\"padding-top:15%;padding-right:15%;padding-bottom:15%;padding-left:15%\">\n<h3 class=\"wp-block-tpgb-tp-heading tp-core-heading tpgb-block-71c7_320\">Fleuriane par Ros\u00e9a<br><\/h3>\n\n\n\n<p class=\"has-text-align-left\">\u201cJ\u2019aime Fleuriane. Pr\u00eatresse depuis la nuit des temps, elle guide toute \u00e2me en qu\u00eate de libert\u00e9, d\u2019authenticit\u00e9. Sur le chemin du retour \u00e0 soi, si vous avez la chance de croiser sa route, elle saura vous accompagner tout au long de ce voyage int\u00e9rieur.<\/p>\n\n\n\n<p>Accoucheuse de lumi\u00e8re, Fleuriane cr\u00e9e des espaces de lib\u00e9rations des \u00eatres. Ainsi, m\u00e9moires d\u2019un autre temps et m\u00e9moires d\u2019aujourd\u2019hui s\u2019\u00e9vaporent pour laisser entrer la lumi\u00e8re, invitant votre essence \u00e0 rayonner.<\/p>\n\n\n\n<p>Son nom sonne comme la destin\u00e9e : telle la rose symbole de l\u2019amour inconditionnel, Fleur pollinise les c\u0153urs. Tel le tournesol tourn\u00e9e vers la lumi\u00e8re, elle ensemence la terre de l\u2019\u00e9nergie divine, aidant chaque \u00eatre \u00e0 pousser \u00e0 son tour et \u00e0 offrir toute sa beaut\u00e9 au monde.<\/p>\n\n\n\n<p class=\"has-text-align-left\">Entrez, suivez l\u2019appel et partez \u00e0 votre rencontre, l\u2019une des plus belles aventures de votre vie.\u201d<\/p>\n<\/div>\n<\/div>\n\n\n\n<div class=\"wp-block-column is-vertically-aligned-center is-style-no-spacing is-layout-flow wp-block-column-is-layout-flow\">\n<div class=\"wp-block-cover is-light ona-promo-image\" style=\"min-height:482px;aspect-ratio:unset;\"><img loading=\"lazy\" decoding=\"async\" width=\"1024\" height=\"1024\" class=\"wp-block-cover__image-background wp-image-182 size-large\" alt=\"\" src=\"http:\/\/ayamaliberationdelame.com\/wp-content\/uploads\/2026\/01\/8-1024x1024.png\" data-object-fit=\"cover\" srcset=\"https:\/\/ayamaliberationdelame.com\/wp-content\/uploads\/2026\/01\/8-1024x1024.png 1024w, https:\/\/ayamaliberationdelame.com\/wp-content\/uploads\/2026\/01\/8-300x300.png 300w, https:\/\/ayamaliberationdelame.com\/wp-content\/uploads\/2026\/01\/8-150x150.png 150w, https:\/\/ayamaliberationdelame.com\/wp-content\/uploads\/2026\/01\/8-2000x2000.png 2000w\" sizes=\"auto, (max-width: 1024px) 100vw, 1024px\" \/><span aria-hidden=\"true\" class=\"wp-block-cover__background has-background-dim-0 has-background-dim\" style=\"background-color:#d89f87\"><\/span><div class=\"wp-block-cover__inner-container is-layout-flow wp-block-cover-is-layout-flow\">\n<p class=\"has-text-align-center has-large-font-size\"><\/p>\n<\/div><\/div>\n<\/div>\n<\/div>\n<\/div>\n\n\n\n<hr class=\"wp-block-separator has-alpha-channel-opacity\"\/>\n\n\n\n<div class=\"wp-block-group alignwide has-background-light-background-color has-background is-layout-constrained wp-container-core-group-is-layout-5bd35887 wp-block-group-is-layout-constrained\" style=\"padding-top:68px\">\n<div class=\"wp-block-columns is-layout-flex wp-container-core-columns-is-layout-e0fbbc84 wp-block-columns-is-layout-flex\">\n<div class=\"wp-block-column is-style-ona-negative-offset-bottom is-layout-flow wp-block-column-is-layout-flow\">\n<figure class=\"wp-block-image size-full is-resized\"><img loading=\"lazy\" decoding=\"async\" width=\"1485\" height=\"1856\" src=\"https:\/\/ayamaliberationdelame.com\/wp-content\/uploads\/2026\/01\/Fleuriane-2.png\" alt=\"\" class=\"wp-image-321\" style=\"width:565px;height:637px\" srcset=\"https:\/\/ayamaliberationdelame.com\/wp-content\/uploads\/2026\/01\/Fleuriane-2.png 1485w, https:\/\/ayamaliberationdelame.com\/wp-content\/uploads\/2026\/01\/Fleuriane-2-240x300.png 240w, https:\/\/ayamaliberationdelame.com\/wp-content\/uploads\/2026\/01\/Fleuriane-2-819x1024.png 819w, https:\/\/ayamaliberationdelame.com\/wp-content\/uploads\/2026\/01\/Fleuriane-2-768x960.png 768w, https:\/\/ayamaliberationdelame.com\/wp-content\/uploads\/2026\/01\/Fleuriane-2-1229x1536.png 1229w, https:\/\/ayamaliberationdelame.com\/wp-content\/uploads\/2026\/01\/Fleuriane-2-1170x1462.png 1170w\" sizes=\"auto, (max-width: 1485px) 100vw, 1485px\" \/><\/figure>\n<\/div>\n\n\n\n<div class=\"wp-block-column is-vertically-aligned-center is-layout-flow wp-block-column-is-layout-flow\">\n<h2 class=\"wp-block-heading is-style-ona-alt-font has-x-large-font-size\">Ros\u00e9a<\/h2>\n\n\n\n<h1 class=\"wp-block-heading\" id=\"i-am-a-lifestyle-and-fashion-blogger-a-person-who-enjoys-travel\" style=\"margin-right:15%\">Alchimiste de vie<\/h1>\n<\/div>\n<\/div>\n<\/div>\n\n\n\n<div class=\"wp-block-group ona-container is-layout-constrained wp-block-group-is-layout-constrained\">\n<div style=\"height:120px\" aria-hidden=\"true\" class=\"wp-block-spacer\"><\/div>\n\n\n\n<hr class=\"wp-block-separator has-text-color has-foreground-color has-css-opacity has-foreground-background-color has-background is-style-default\"\/>\n\n\n\n<p class=\"has-text-align-center has-foreground-color has-text-color has-medium-large-font-size\" style=\"line-height:1.3\">\u201cCe voyage est avant tout un retour \u00e0 la maison : celle de ton c\u0153ur, de ton \u00e2me.<br>Ose la libert\u00e9 d\u2019\u00eatre toi.\u201d<\/p>\n\n\n\n<h3 class=\"wp-block-tpgb-tp-heading tp-core-heading tpgb-block-d7fe_320\">                                           Ros\u00e9a<\/h3>\n\n\n\n<hr class=\"wp-block-separator has-text-color has-foreground-color has-css-opacity has-foreground-background-color has-background is-style-default\"\/>\n<\/div>\n\n\n\n<div class=\"wp-block-group alignwide is-layout-flow wp-block-group-is-layout-flow\">\n<div class=\"wp-block-columns are-vertically-aligned-center is-layout-flex wp-container-core-columns-is-layout-d2ca7aa4 wp-block-columns-is-layout-flex\">\n<div class=\"wp-block-column is-vertically-aligned-center is-style-ona-shift-right is-layout-flow wp-block-column-is-layout-flow\">\n<div class=\"wp-block-group has-background-light-background-color has-background is-layout-flow wp-block-group-is-layout-flow\" style=\"padding-top:15%;padding-right:15%;padding-bottom:15%;padding-left:15%\">\n<h2 class=\"wp-block-heading has-text-align-left\" id=\"i-love-working-with-people-who-find-joy-in-the-little-things\" style=\"line-height:1.2\"><br>Ros\u00e9a par Fleuriane<br>\t\t\t<\/h2>\n\n\n\n<p class=\"has-text-align-left\">\u201cRos\u00e9a est une lumi\u00e8re, un grand soleil qui vient r\u00e9chauffer les c\u0153urs. Par sa pr\u00e9sence douce et joyeuse, elle apporte aux diff\u00e9rents espaces une grande chaleur humaine, l&rsquo;\u00e9nergie d\u2019une m\u00e8re, d\u2019une s\u0153ur, nourrici\u00e8re et r\u00e9confortante. Elle am\u00e8ne joie, humour et beaucoup, beaucoup d\u2019amour de l\u2019autre, de l\u2019humain, peu importe son genre ou sa forme. Son regard pos\u00e9 sur vous vous fait vous sentir r\u00e9ellement unique.<\/p>\n\n\n\n<p>Ros\u00e9a, c\u2019est le savoir ancestral incarn\u00e9 sur Terre : elle sait, ressent, transmet, sans m\u00eame se rendre compte parfois de la puissance de ses messages, de ses enseignements.<\/p>\n\n\n\n<p>Grande cr\u00e9atrice du design et contenu d\u2019Ayama, (mais pas que&#8230;) elle est surtout cette grande Alchimiste qui transforme le plomb en or.<\/p>\n\n\n\n<p class=\"has-text-align-left\">Un Amour de femme, une Amie ch\u00e8re \u00e0 mon c\u0153ur, une grande pr\u00eatresse d\u00e9tenant un grand savoir et dans sa grande g\u00e9n\u00e9rosit\u00e9, elle aime, elle aide, elle donne, elle transmet.\u201d<\/p>\n<\/div>\n<\/div>\n\n\n\n<div class=\"wp-block-column is-vertically-aligned-center is-style-no-spacing is-layout-flow wp-block-column-is-layout-flow\">\n<div class=\"wp-block-cover is-light has-custom-content-position is-position-center-right ona-promo-image is-layout-flow wp-block-cover-is-layout-flow\"><img loading=\"lazy\" decoding=\"async\" width=\"1024\" height=\"1024\" class=\"wp-block-cover__image-background wp-image-183 size-large\" alt=\"\" src=\"http:\/\/ayamaliberationdelame.com\/wp-content\/uploads\/2026\/01\/enfant-interieur-1-1024x1024.png\" data-object-fit=\"cover\" srcset=\"https:\/\/ayamaliberationdelame.com\/wp-content\/uploads\/2026\/01\/enfant-interieur-1-1024x1024.png 1024w, https:\/\/ayamaliberationdelame.com\/wp-content\/uploads\/2026\/01\/enfant-interieur-1-300x300.png 300w, https:\/\/ayamaliberationdelame.com\/wp-content\/uploads\/2026\/01\/enfant-interieur-1-150x150.png 150w, https:\/\/ayamaliberationdelame.com\/wp-content\/uploads\/2026\/01\/enfant-interieur-1-2000x2000.png 2000w\" sizes=\"auto, (max-width: 1024px) 100vw, 1024px\" \/><span aria-hidden=\"true\" class=\"wp-block-cover__background has-background-dim-0 has-background-dim\" style=\"background-color:#c6b4bd\"><\/span><div class=\"wp-block-cover__inner-container\"><\/div><\/div>\n<\/div>\n<\/div>\n<\/div>\n","protected":false},"excerpt":{"rendered":"<p>Fleuriane Accoucheuse de Lumi\u00e8re \u00ab\u00a0Tu es la force cr\u00e9atrice, alors chante ta puissance, accueille ta magie, danse au rythme du Monde, prend ta place.\u00a0\u00bb \u201cJ\u2019aime Fleuriane. Pr\u00eatresse depuis la nuit des temps, elle guide toute \u00e2me en qu\u00eate de libert\u00e9, d\u2019authenticit\u00e9. Sur le chemin du retour \u00e0 soi, si vous avez la chance de croiser [&hellip;]<\/p>\n","protected":false},"author":1,"featured_media":0,"parent":0,"menu_order":0,"comment_status":"closed","ping_status":"closed","template":"","meta":{"tpgb_global_settings":"","_surecart_dashboard_logo_width":"180px","_surecart_dashboard_show_logo":true,"_surecart_dashboard_navigation_orders":true,"_surecart_dashboard_navigation_invoices":true,"_surecart_dashboard_navigation_subscriptions":true,"_surecart_dashboard_navigation_downloads":true,"_surecart_dashboard_navigation_billing":true,"_surecart_dashboard_navigation_account":true,"footnotes":""},"class_list":["post-320","page","type-page","status-publish","hentry"],"tpgb_featured_images":null,"tpgb_post_meta_info":{"get_date":"janvier 26, 2026","get_modified_date":"janvier 26, 2026","author_name":"Elsa","author_url":"https:\/\/ayamaliberationdelame.com\/index.php\/author\/admin4528\/","author_email":"elsa.belliri@gmail.com","author_website":"http:\/\/ayamaliberationdelame.com","author_description":"","author_facebook":"","author_twitter":"","author_instagram":"","author_role":["administrator"],"author_firstname":"Elsa","author_lastname":"","user_login":"admin4528","author_avatar":"<img alt='' src='https:\/\/secure.gravatar.com\/avatar\/94fcea9fd01ada83134ee983b571dff56ff2b50303a23b81846dc60a2fa019a1?s=200&#038;d=mm&#038;r=g' srcset='https:\/\/secure.gravatar.com\/avatar\/94fcea9fd01ada83134ee983b571dff56ff2b50303a23b81846dc60a2fa019a1?s=400&#038;d=mm&#038;r=g 2x' class='avatar avatar-200 photo' height='200' width='200' loading='lazy' decoding='async'\/>","author_avatar_url":"https:\/\/secure.gravatar.com\/avatar\/94fcea9fd01ada83134ee983b571dff56ff2b50303a23b81846dc60a2fa019a1?s=96&d=mm&r=g","comment_count":0,"post_likes":0,"post_views":0},"tpgb_post_category":[],"jetpack_sharing_enabled":true,"_links":{"self":[{"href":"https:\/\/ayamaliberationdelame.com\/index.php\/wp-json\/wp\/v2\/pages\/320","targetHints":{"allow":["GET"]}}],"collection":[{"href":"https:\/\/ayamaliberationdelame.com\/index.php\/wp-json\/wp\/v2\/pages"}],"about":[{"href":"https:\/\/ayamaliberationdelame.com\/index.php\/wp-json\/wp\/v2\/types\/page"}],"author":[{"embeddable":true,"href":"https:\/\/ayamaliberationdelame.com\/index.php\/wp-json\/wp\/v2\/users\/1"}],"replies":[{"embeddable":true,"href":"https:\/\/ayamaliberationdelame.com\/index.php\/wp-json\/wp\/v2\/comments?post=320"}],"version-history":[{"count":1,"href":"https:\/\/ayamaliberationdelame.com\/index.php\/wp-json\/wp\/v2\/pages\/320\/revisions"}],"predecessor-version":[{"id":322,"href":"https:\/\/ayamaliberationdelame.com\/index.php\/wp-json\/wp\/v2\/pages\/320\/revisions\/322"}],"wp:attachment":[{"href":"https:\/\/ayamaliberationdelame.com\/index.php\/wp-json\/wp\/v2\/media?parent=320"}],"curies":[{"name":"wp","href":"https:\/\/api.w.org\/{rel}","templated":true}]}}