{"id":251,"date":"2026-01-25T11:34:01","date_gmt":"2026-01-25T11:34:01","guid":{"rendered":"https:\/\/ayamaliberationdelame.com\/index.php\/notre-essence\/"},"modified":"2026-01-26T14:26:20","modified_gmt":"2026-01-26T14:26:20","slug":"notre-essence","status":"publish","type":"page","link":"https:\/\/ayamaliberationdelame.com\/index.php\/notre-essence\/","title":{"rendered":"Notre essence"},"content":{"rendered":"\n<p><\/p>\n\n\n\n<div class=\"wp-block-group alignwide has-background-light-background-color has-background is-layout-constrained wp-container-core-group-is-layout-434ef3ae wp-block-group-is-layout-constrained\" style=\"padding-bottom:110px\">\n<div class=\"wp-block-media-text alignwide is-stacked-on-mobile\" style=\"grid-template-columns:68.5% auto\"><figure class=\"wp-block-media-text__media\"><img loading=\"lazy\" decoding=\"async\" width=\"1024\" height=\"683\" src=\"https:\/\/ayamaliberationdelame.com\/wp-content\/uploads\/2026\/01\/orite-1024x683.png\" alt=\"\" class=\"wp-image-256 size-full\" srcset=\"https:\/\/ayamaliberationdelame.com\/wp-content\/uploads\/2026\/01\/orite-1024x683.png 1024w, https:\/\/ayamaliberationdelame.com\/wp-content\/uploads\/2026\/01\/orite-300x200.png 300w, https:\/\/ayamaliberationdelame.com\/wp-content\/uploads\/2026\/01\/orite-768x512.png 768w, https:\/\/ayamaliberationdelame.com\/wp-content\/uploads\/2026\/01\/orite-1536x1024.png 1536w, https:\/\/ayamaliberationdelame.com\/wp-content\/uploads\/2026\/01\/orite-1170x780.png 1170w, https:\/\/ayamaliberationdelame.com\/wp-content\/uploads\/2026\/01\/orite.png 2025w\" sizes=\"auto, (max-width: 1024px) 100vw, 1024px\" \/><\/figure><div class=\"wp-block-media-text__content\">\n<div class=\"wp-block-group is-style-ona-negative-offset-left has-background-background-color has-background is-layout-flow wp-block-group-is-layout-flow\" style=\"padding-top:20%;padding-right:15%;padding-bottom:20%;padding-left:15%\">\n<h1 class=\"wp-block-heading has-text-align-center has-large-font-size\" id=\"hey-i-m-ona-and-this-is-my-travel-journal\">L&rsquo;amour toujours, toujours l&rsquo;amour<\/h1>\n\n\n\n<h3 class=\"wp-block-tpgb-tp-heading tp-core-heading tpgb-block-05b0_251\">Vous faire vibrer <br>le c\u0153ur<\/h3>\n<\/div>\n<\/div><\/div>\n<\/div>\n\n\n\n<div class=\"wp-block-group alignwide is-layout-flow wp-block-group-is-layout-flow\">\n<div class=\"wp-block-columns are-vertically-aligned-center is-layout-flex wp-container-core-columns-is-layout-d2ca7aa4 wp-block-columns-is-layout-flex\">\n<div class=\"wp-block-column is-vertically-aligned-center is-style-ona-shift-right is-layout-flow wp-block-column-is-layout-flow\">\n<div class=\"wp-block-group has-background-light-background-color has-background is-layout-flow wp-block-group-is-layout-flow\" style=\"padding-top:15%;padding-right:15%;padding-bottom:15%;padding-left:15%\">\n<h2 class=\"wp-block-heading has-text-align-center\" id=\"i-love-working-with-people-who-find-joy-in-the-little-things\" style=\"line-height:1.2\">Notre essence<br>\t\t\t<\/h2>\n\n\n\n<p class=\"has-text-align-left\">Ce qui nous anime profond\u00e9ment, c\u2019est la conviction que chaque \u00eatre porte en lui une lumi\u00e8re, parfois voil\u00e9e par les blessures, les peurs ou les m\u00e9moires du pass\u00e9. Ayama est n\u00e9e de cette exp\u00e9rience v\u00e9cue : celle de comprendre que la gu\u00e9rison commence lorsque l\u2019on s\u2019\u00e9coute vraiment et que l\u2019on s\u2019autorise \u00e0 \u00eatre pleinement soi.<\/p>\n\n\n\n<p class=\"has-text-align-left\">Nous \u0153uvrons avec le c\u0153ur, guid\u00e9s par l\u2019amour, l\u2019authenticit\u00e9 et le respect du rythme de chacun. Accompagner les \u00e2mes dans leur lib\u00e9ration, c\u2019est pour nous une vocation : offrir un espace s\u00e9curisant, bienveillant et sacr\u00e9, o\u00f9 il devient possible de d\u00e9poser ce qui p\u00e8se, de se r\u00e9parer en profondeur et de rena\u00eetre \u00e0 soi-m\u00eame.<\/p>\n<\/div>\n<\/div>\n\n\n\n<div class=\"wp-block-column is-vertically-aligned-center is-style-no-spacing is-layout-flow wp-block-column-is-layout-flow\">\n<div class=\"wp-block-cover is-light has-custom-content-position is-position-center-right ona-promo-image\"><img loading=\"lazy\" decoding=\"async\" width=\"819\" height=\"1024\" class=\"wp-block-cover__image-background wp-image-258 size-large\" alt=\"\" src=\"https:\/\/ayamaliberationdelame.com\/wp-content\/uploads\/2026\/01\/Votre-texte-de-paragraphe-819x1024.png\" data-object-fit=\"cover\" srcset=\"https:\/\/ayamaliberationdelame.com\/wp-content\/uploads\/2026\/01\/Votre-texte-de-paragraphe-819x1024.png 819w, https:\/\/ayamaliberationdelame.com\/wp-content\/uploads\/2026\/01\/Votre-texte-de-paragraphe-240x300.png 240w, https:\/\/ayamaliberationdelame.com\/wp-content\/uploads\/2026\/01\/Votre-texte-de-paragraphe-768x960.png 768w, https:\/\/ayamaliberationdelame.com\/wp-content\/uploads\/2026\/01\/Votre-texte-de-paragraphe-1228x1536.png 1228w, https:\/\/ayamaliberationdelame.com\/wp-content\/uploads\/2026\/01\/Votre-texte-de-paragraphe-1170x1463.png 1170w, https:\/\/ayamaliberationdelame.com\/wp-content\/uploads\/2026\/01\/Votre-texte-de-paragraphe.png 1350w\" sizes=\"auto, (max-width: 819px) 100vw, 819px\" \/><span aria-hidden=\"true\" class=\"wp-block-cover__background has-background-dim-0 has-background-dim\" style=\"background-color:#bdc2cc\"><\/span><div class=\"wp-block-cover__inner-container is-layout-flow wp-block-cover-is-layout-flow\">\n<p class=\"has-text-align-center has-large-font-size\"><\/p>\n<\/div><\/div>\n<\/div>\n<\/div>\n<\/div>\n\n\n\n<div class=\"wp-block-cover alignfull is-light\" style=\"min-height:435px;aspect-ratio:unset;\"><span aria-hidden=\"true\" class=\"wp-block-cover__background has-background-dim-100 has-background-dim\" style=\"background-color:#ffffff\"><\/span><div class=\"wp-block-cover__inner-container is-layout-flow wp-block-cover-is-layout-flow\">\n<div class=\"wp-block-media-text alignwide is-stacked-on-mobile is-vertically-aligned-center is-image-fill-element\" style=\"grid-template-columns:56% auto\"><figure class=\"wp-block-media-text__media\"><img loading=\"lazy\" decoding=\"async\" width=\"1024\" height=\"576\" src=\"https:\/\/ayamaliberationdelame.com\/wp-content\/uploads\/2026\/01\/Design-sans-titre-3-1-1024x576.png\" alt=\"\" class=\"wp-image-259 size-full\" style=\"object-position:50% 50%\" srcset=\"https:\/\/ayamaliberationdelame.com\/wp-content\/uploads\/2026\/01\/Design-sans-titre-3-1-1024x576.png 1024w, https:\/\/ayamaliberationdelame.com\/wp-content\/uploads\/2026\/01\/Design-sans-titre-3-1-300x169.png 300w, https:\/\/ayamaliberationdelame.com\/wp-content\/uploads\/2026\/01\/Design-sans-titre-3-1-768x432.png 768w, https:\/\/ayamaliberationdelame.com\/wp-content\/uploads\/2026\/01\/Design-sans-titre-3-1-1536x864.png 1536w, https:\/\/ayamaliberationdelame.com\/wp-content\/uploads\/2026\/01\/Design-sans-titre-3-1-2048x1152.png 2048w, https:\/\/ayamaliberationdelame.com\/wp-content\/uploads\/2026\/01\/Design-sans-titre-3-1-1170x658.png 1170w\" sizes=\"auto, (max-width: 1024px) 100vw, 1024px\" \/><\/figure><div class=\"wp-block-media-text__content\">\n<h2 class=\"wp-block-heading has-text-color\" style=\"color:#000000;font-size:32px\"><strong>D\u00e9couvrez les belles d&rsquo;\u00e2mes<\/strong><\/h2>\n\n\n\n<p class=\"has-text-color\" style=\"color:#000000;font-size:17px\">Derri\u00e8re AYAMA, ce sont deux femmes de c\u0153ur, Fleuriane et Ros\u00e9a.<\/p>\n\n\n\n<div class=\"wp-block-buttons is-layout-flex wp-block-buttons-is-layout-flex\">\n<div class=\"wp-block-button is-style-fill\"><a class=\"wp-block-button__link wp-element-button\" href=\"https:\/\/ayamaliberationdelame.com\/index.php\/les-belles-dames\/\">Enchant\u00e9es belle \u00e2me !<\/a><\/div>\n<\/div>\n<\/div><\/div>\n<\/div><\/div>\n\n\n\n<p><\/p>\n","protected":false},"excerpt":{"rendered":"<p>L&rsquo;amour toujours, toujours l&rsquo;amour Notre essence Ce qui nous anime profond\u00e9ment, c\u2019est la conviction que chaque \u00eatre porte en lui une lumi\u00e8re, parfois voil\u00e9e par les blessures, les peurs ou les m\u00e9moires du pass\u00e9. Ayama est n\u00e9e de cette exp\u00e9rience v\u00e9cue : celle de comprendre que la gu\u00e9rison commence lorsque l\u2019on s\u2019\u00e9coute vraiment et que [&hellip;]<\/p>\n","protected":false},"author":1,"featured_media":0,"parent":0,"menu_order":0,"comment_status":"closed","ping_status":"closed","template":"","meta":{"tpgb_global_settings":"","_surecart_dashboard_logo_width":"180px","_surecart_dashboard_show_logo":true,"_surecart_dashboard_navigation_orders":true,"_surecart_dashboard_navigation_invoices":true,"_surecart_dashboard_navigation_subscriptions":true,"_surecart_dashboard_navigation_downloads":true,"_surecart_dashboard_navigation_billing":true,"_surecart_dashboard_navigation_account":true,"footnotes":""},"class_list":["post-251","page","type-page","status-publish","hentry"],"tpgb_featured_images":null,"tpgb_post_meta_info":{"get_date":"janvier 25, 2026","get_modified_date":"janvier 26, 2026","author_name":"Elsa","author_url":"https:\/\/ayamaliberationdelame.com\/index.php\/author\/admin4528\/","author_email":"elsa.belliri@gmail.com","author_website":"http:\/\/ayamaliberationdelame.com","author_description":"","author_facebook":"","author_twitter":"","author_instagram":"","author_role":["administrator"],"author_firstname":"Elsa","author_lastname":"","user_login":"admin4528","author_avatar":"<img alt='' src='https:\/\/secure.gravatar.com\/avatar\/94fcea9fd01ada83134ee983b571dff56ff2b50303a23b81846dc60a2fa019a1?s=200&#038;d=mm&#038;r=g' srcset='https:\/\/secure.gravatar.com\/avatar\/94fcea9fd01ada83134ee983b571dff56ff2b50303a23b81846dc60a2fa019a1?s=400&#038;d=mm&#038;r=g 2x' class='avatar avatar-200 photo' height='200' width='200' loading='lazy' decoding='async'\/>","author_avatar_url":"https:\/\/secure.gravatar.com\/avatar\/94fcea9fd01ada83134ee983b571dff56ff2b50303a23b81846dc60a2fa019a1?s=96&d=mm&r=g","comment_count":0,"post_likes":0,"post_views":0},"tpgb_post_category":[],"jetpack_sharing_enabled":true,"_links":{"self":[{"href":"https:\/\/ayamaliberationdelame.com\/index.php\/wp-json\/wp\/v2\/pages\/251","targetHints":{"allow":["GET"]}}],"collection":[{"href":"https:\/\/ayamaliberationdelame.com\/index.php\/wp-json\/wp\/v2\/pages"}],"about":[{"href":"https:\/\/ayamaliberationdelame.com\/index.php\/wp-json\/wp\/v2\/types\/page"}],"author":[{"embeddable":true,"href":"https:\/\/ayamaliberationdelame.com\/index.php\/wp-json\/wp\/v2\/users\/1"}],"replies":[{"embeddable":true,"href":"https:\/\/ayamaliberationdelame.com\/index.php\/wp-json\/wp\/v2\/comments?post=251"}],"version-history":[{"count":3,"href":"https:\/\/ayamaliberationdelame.com\/index.php\/wp-json\/wp\/v2\/pages\/251\/revisions"}],"predecessor-version":[{"id":323,"href":"https:\/\/ayamaliberationdelame.com\/index.php\/wp-json\/wp\/v2\/pages\/251\/revisions\/323"}],"wp:attachment":[{"href":"https:\/\/ayamaliberationdelame.com\/index.php\/wp-json\/wp\/v2\/media?parent=251"}],"curies":[{"name":"wp","href":"https:\/\/api.w.org\/{rel}","templated":true}]}}